{"id":35,"date":"2016-03-30T20:55:15","date_gmt":"2016-03-30T18:55:15","guid":{"rendered":"http:\/\/mein-mondorf.de\/bvm\/wordpress\/?page_id=35"},"modified":"2016-04-01T20:18:26","modified_gmt":"2016-04-01T18:18:26","slug":"platzkonzert","status":"publish","type":"page","link":"http:\/\/www.buergerverein-mondorf.de\/index.php\/veranstaltungen\/platzkonzert\/","title":{"rendered":"Platzkonzert"},"content":{"rendered":"<p>Wussten Sie, dass das erste Platzkonzert gar nicht auf dem (Adenauer-) Platz sondern auf &#8222;Paulis Wiese&#8220; stattgefunden hat? Dort fand am 1.9.2000 ein Fest zum 30j\u00e4hrigen Bestehen des B\u00fcrgervereins statt. <!--more-->Ein Chanty-Chor aus Bonn sorgte f\u00fcr gute Stimmung. So gute Stimmung, dass schnell der Wunsch entstand, eine regelm\u00e4\u00dfige Veranstaltung f\u00fcr das &#8222;Mittelalter&#8220; auf die Beine zu stellen. Das findet seit 2001 auf dem Adenauerplatz statt und erfreut sich immer gr\u00f6\u00dferer Beliebtheit.<\/p>\n<ul class=\"lcp_catlist\" id=\"lcp_instance_0\"><li><a href=\"http:\/\/www.buergerverein-mondorf.de\/index.php\/2018\/06\/04\/platzkonzert-2018\/\">Platzkonzert 2018<\/a><\/li><li><a href=\"http:\/\/www.buergerverein-mondorf.de\/index.php\/2016\/06\/13\/fotos-platzkonzert-2016\/\">Fotos Platzkonzert 2016<\/a><\/li><li><a href=\"http:\/\/www.buergerverein-mondorf.de\/index.php\/2016\/04\/01\/fotos-platzkonzert-2015\/\">Fotos Platzkonzert 2015<\/a><\/li><\/ul>\n<p>&nbsp;<\/p>\n","protected":false},"excerpt":{"rendered":"<p>Wussten Sie, dass das erste Platzkonzert gar nicht auf dem (Adenauer-) Platz sondern auf &#8222;Paulis Wiese&#8220; stattgefunden hat? Dort fand am 1.9.2000 ein Fest zum 30j\u00e4hrigen Bestehen des B\u00fcrgervereins statt.<\/p>\n","protected":false},"author":1,"featured_media":0,"parent":16,"menu_order":0,"comment_status":"closed","ping_status":"closed","template":"","meta":{"footnotes":""},"class_list":["post-35","page","type-page","status-publish","hentry"],"publishpress_future_action":{"enabled":false,"date":"2026-05-06 12:36:41","action":"change-status","newStatus":"draft","terms":[],"taxonomy":"","extraData":[]},"publishpress_future_workflow_manual_trigger":{"enabledWorkflows":[]},"_links":{"self":[{"href":"http:\/\/www.buergerverein-mondorf.de\/index.php\/wp-json\/wp\/v2\/pages\/35","targetHints":{"allow":["GET"]}}],"collection":[{"href":"http:\/\/www.buergerverein-mondorf.de\/index.php\/wp-json\/wp\/v2\/pages"}],"about":[{"href":"http:\/\/www.buergerverein-mondorf.de\/index.php\/wp-json\/wp\/v2\/types\/page"}],"author":[{"embeddable":true,"href":"http:\/\/www.buergerverein-mondorf.de\/index.php\/wp-json\/wp\/v2\/users\/1"}],"replies":[{"embeddable":true,"href":"http:\/\/www.buergerverein-mondorf.de\/index.php\/wp-json\/wp\/v2\/comments?post=35"}],"version-history":[{"count":12,"href":"http:\/\/www.buergerverein-mondorf.de\/index.php\/wp-json\/wp\/v2\/pages\/35\/revisions"}],"predecessor-version":[{"id":287,"href":"http:\/\/www.buergerverein-mondorf.de\/index.php\/wp-json\/wp\/v2\/pages\/35\/revisions\/287"}],"up":[{"embeddable":true,"href":"http:\/\/www.buergerverein-mondorf.de\/index.php\/wp-json\/wp\/v2\/pages\/16"}],"wp:attachment":[{"href":"http:\/\/www.buergerverein-mondorf.de\/index.php\/wp-json\/wp\/v2\/media?parent=35"}],"curies":[{"name":"wp","href":"https:\/\/api.w.org\/{rel}","templated":true}]}}